{"id":36,"date":"2025-02-06T15:24:36","date_gmt":"2025-02-06T15:24:36","guid":{"rendered":"https:\/\/infos-escalade.be\/a-propos-de-nous\/"},"modified":"2025-02-06T19:46:15","modified_gmt":"2025-02-06T19:46:15","slug":"a-propos-de-nous","status":"publish","type":"page","link":"https:\/\/infos-escalade.be\/ro\/a-propos-de-nous\/","title":{"rendered":"Despre noi"},"content":{"rendered":"<p>Moda este mai mult dec\u00e2t haine: este un limbaj, o form\u0103 de autoexprimare \u0219i o cultur\u0103 \u00een continu\u0103 evolu\u021bie. Pe blogul nostru, explor\u0103m stiluri, tendin\u021be \u0219i inspira\u021bie pentru a te ajuta s\u0103-\u021bi rafinezi aspectul \u0219i s\u0103-\u021bi exprimi personalitatea.<\/p>\n<p><img loading=\"lazy\" decoding=\"async\" class=\"aligncenter wp-image-35 size-full\" src=\"https:\/\/infos-escalade.be\/wp-content\/uploads\/2025\/02\/uverennaya-v-sebe-biznes-ledi-gulyaet-na-svezhem-vozduhe-s-planshetom.jpg\" alt=\"\" width=\"612\" height=\"408\" srcset=\"https:\/\/infos-escalade.be\/wp-content\/uploads\/2025\/02\/uverennaya-v-sebe-biznes-ledi-gulyaet-na-svezhem-vozduhe-s-planshetom.jpg 612w, https:\/\/infos-escalade.be\/wp-content\/uploads\/2025\/02\/uverennaya-v-sebe-biznes-ledi-gulyaet-na-svezhem-vozduhe-s-planshetom-300x200.jpg 300w\" sizes=\"auto, (max-width: 612px) 100vw, 612px\" \/><\/p>\n<h2>Ce vei descoperi<\/h2>\n<ul>\n<li>Descifrarea tendin\u021belor actuale \u0219i viitoare<\/li>\n<li>Sfaturi pentru crearea unor \u021binute armonioase<\/li>\n<li>Concentra\u021bi-v\u0103 pe materiale \u0219i croieli esen\u021biale<\/li>\n<li>Concentra\u021bi-v\u0103 pe branduri \u0219i designeri influen\u021bi<\/li>\n<li>Sfaturi pentru a combina confortul \u0219i elegan\u021ba \u00een via\u021ba de zi cu zi<\/li>\n<\/ul>\n<h2>Exprim\u0103-\u021bi stilul cu \u00eencredere<\/h2>\n<p>Indiferent dac\u0103 e\u0219ti un fan al \u0219icului atemporal, al streetwear-ului \u00eendr\u0103zne\u021b sau al minimalismului elegant, blogul nostru te ajut\u0103 s\u0103 faci din mod\u0103 o modalitate unic\u0103 \u0219i personal\u0103 de exprimare.<\/p>","protected":false},"excerpt":{"rendered":"<p>Moda este mult mai mult dec\u00e2t haine: este un limbaj, o autoexprimare, o cultur\u0103 \u00een continu\u0103 evolu\u021bie\u2026<\/p>","protected":false},"author":1,"featured_media":0,"parent":0,"menu_order":0,"comment_status":"closed","ping_status":"closed","template":"","meta":{"_acf_changed":false,"footnotes":""},"class_list":["post-36","page","type-page","status-publish","hentry","post-archive"],"acf":[],"yoast_head":"<!-- This site is optimized with the Yoast SEO plugin v23.2 - https:\/\/yoast.com\/wordpress\/plugins\/seo\/ -->\n<title>\u00c0 propos de nous - infos-escalade.be<\/title>\n<meta name=\"description\" content=\"Explorez les tendances mode, conseils vestimentaires et inspirations pour affirmer votre style avec \u00e9l\u00e9gance et originalit\u00e9.\" \/>\n<meta name=\"robots\" content=\"index, follow, max-snippet:-1, max-image-preview:large, max-video-preview:-1\" \/>\n<link rel=\"canonical\" href=\"https:\/\/infos-escalade.be\/ro\/a-propos-de-nous\/\" \/>\n<meta property=\"og:locale\" content=\"ro_RO\" \/>\n<meta property=\"og:type\" content=\"article\" \/>\n<meta property=\"og:title\" content=\"\u00c0 propos de nous - infos-escalade.be\" \/>\n<meta property=\"og:description\" content=\"Explorez les tendances mode, conseils vestimentaires et inspirations pour affirmer votre style avec \u00e9l\u00e9gance et originalit\u00e9.\" \/>\n<meta property=\"og:url\" content=\"https:\/\/infos-escalade.be\/ro\/a-propos-de-nous\/\" \/>\n<meta property=\"og:site_name\" content=\"infos-escalade.be\" \/>\n<meta property=\"article:modified_time\" content=\"2025-02-06T19:46:15+00:00\" \/>\n<meta property=\"og:image\" content=\"https:\/\/infos-escalade.be\/wp-content\/uploads\/2025\/02\/uverennaya-v-sebe-biznes-ledi-gulyaet-na-svezhem-vozduhe-s-planshetom.jpg\" \/>\n<meta name=\"twitter:card\" content=\"summary_large_image\" \/>\n<meta name=\"twitter:label1\" content=\"Timp estimat pentru citire\" \/>\n\t<meta name=\"twitter:data1\" content=\"2 minute\" \/>\n<script type=\"application\/ld+json\" class=\"yoast-schema-graph\">{\"@context\":\"https:\/\/schema.org\",\"@graph\":[{\"@type\":\"WebPage\",\"@id\":\"https:\/\/infos-escalade.be\/a-propos-de-nous\/\",\"url\":\"https:\/\/infos-escalade.be\/a-propos-de-nous\/\",\"name\":\"\u00c0 propos de nous - infos-escalade.be\",\"isPartOf\":{\"@id\":\"https:\/\/infos-escalade.be\/#website\"},\"primaryImageOfPage\":{\"@id\":\"https:\/\/infos-escalade.be\/a-propos-de-nous\/#primaryimage\"},\"image\":{\"@id\":\"https:\/\/infos-escalade.be\/a-propos-de-nous\/#primaryimage\"},\"thumbnailUrl\":\"https:\/\/infos-escalade.be\/wp-content\/uploads\/2025\/02\/uverennaya-v-sebe-biznes-ledi-gulyaet-na-svezhem-vozduhe-s-planshetom.jpg\",\"datePublished\":\"2025-02-06T15:24:36+00:00\",\"dateModified\":\"2025-02-06T19:46:15+00:00\",\"description\":\"Explorez les tendances mode, conseils vestimentaires et inspirations pour affirmer votre style avec \u00e9l\u00e9gance et originalit\u00e9.\",\"breadcrumb\":{\"@id\":\"https:\/\/infos-escalade.be\/a-propos-de-nous\/#breadcrumb\"},\"inLanguage\":\"ro-RO\",\"potentialAction\":[{\"@type\":\"ReadAction\",\"target\":[\"https:\/\/infos-escalade.be\/a-propos-de-nous\/\"]}]},{\"@type\":\"ImageObject\",\"inLanguage\":\"ro-RO\",\"@id\":\"https:\/\/infos-escalade.be\/a-propos-de-nous\/#primaryimage\",\"url\":\"https:\/\/infos-escalade.be\/wp-content\/uploads\/2025\/02\/uverennaya-v-sebe-biznes-ledi-gulyaet-na-svezhem-vozduhe-s-planshetom.jpg\",\"contentUrl\":\"https:\/\/infos-escalade.be\/wp-content\/uploads\/2025\/02\/uverennaya-v-sebe-biznes-ledi-gulyaet-na-svezhem-vozduhe-s-planshetom.jpg\"},{\"@type\":\"BreadcrumbList\",\"@id\":\"https:\/\/infos-escalade.be\/a-propos-de-nous\/#breadcrumb\",\"itemListElement\":[{\"@type\":\"ListItem\",\"position\":1,\"name\":\"Home\",\"item\":\"https:\/\/infos-escalade.be\/\"},{\"@type\":\"ListItem\",\"position\":2,\"name\":\"\u00c0 propos de nous\"}]},{\"@type\":\"WebSite\",\"@id\":\"https:\/\/infos-escalade.be\/#website\",\"url\":\"https:\/\/infos-escalade.be\/\",\"name\":\"infos-escalade.be\",\"description\":\"Soyez \u00c9l\u00e9gant en Toute Saison | Conseils et tendances pour une garde-robe r\u00e9ussie\",\"potentialAction\":[{\"@type\":\"SearchAction\",\"target\":{\"@type\":\"EntryPoint\",\"urlTemplate\":\"https:\/\/infos-escalade.be\/?s={search_term_string}\"},\"query-input\":\"required name=search_term_string\"}],\"inLanguage\":\"ro-RO\"}]}<\/script>\n<!-- \/ Yoast SEO plugin. -->","yoast_head_json":{"title":"\u00c0 propos de nous - infos-escalade.be","description":"Explorez les tendances mode, conseils vestimentaires et inspirations pour affirmer votre style avec \u00e9l\u00e9gance et originalit\u00e9.","robots":{"index":"index","follow":"follow","max-snippet":"max-snippet:-1","max-image-preview":"max-image-preview:large","max-video-preview":"max-video-preview:-1"},"canonical":"https:\/\/infos-escalade.be\/ro\/a-propos-de-nous\/","og_locale":"ro_RO","og_type":"article","og_title":"\u00c0 propos de nous - infos-escalade.be","og_description":"Explorez les tendances mode, conseils vestimentaires et inspirations pour affirmer votre style avec \u00e9l\u00e9gance et originalit\u00e9.","og_url":"https:\/\/infos-escalade.be\/ro\/a-propos-de-nous\/","og_site_name":"infos-escalade.be","article_modified_time":"2025-02-06T19:46:15+00:00","og_image":[{"url":"https:\/\/infos-escalade.be\/wp-content\/uploads\/2025\/02\/uverennaya-v-sebe-biznes-ledi-gulyaet-na-svezhem-vozduhe-s-planshetom.jpg"}],"twitter_card":"summary_large_image","twitter_misc":{"Timp estimat pentru citire":"2 minute"},"schema":{"@context":"https:\/\/schema.org","@graph":[{"@type":"WebPage","@id":"https:\/\/infos-escalade.be\/a-propos-de-nous\/","url":"https:\/\/infos-escalade.be\/a-propos-de-nous\/","name":"\u00c0 propos de nous - infos-escalade.be","isPartOf":{"@id":"https:\/\/infos-escalade.be\/#website"},"primaryImageOfPage":{"@id":"https:\/\/infos-escalade.be\/a-propos-de-nous\/#primaryimage"},"image":{"@id":"https:\/\/infos-escalade.be\/a-propos-de-nous\/#primaryimage"},"thumbnailUrl":"https:\/\/infos-escalade.be\/wp-content\/uploads\/2025\/02\/uverennaya-v-sebe-biznes-ledi-gulyaet-na-svezhem-vozduhe-s-planshetom.jpg","datePublished":"2025-02-06T15:24:36+00:00","dateModified":"2025-02-06T19:46:15+00:00","description":"Explorez les tendances mode, conseils vestimentaires et inspirations pour affirmer votre style avec \u00e9l\u00e9gance et originalit\u00e9.","breadcrumb":{"@id":"https:\/\/infos-escalade.be\/a-propos-de-nous\/#breadcrumb"},"inLanguage":"ro-RO","potentialAction":[{"@type":"ReadAction","target":["https:\/\/infos-escalade.be\/a-propos-de-nous\/"]}]},{"@type":"ImageObject","inLanguage":"ro-RO","@id":"https:\/\/infos-escalade.be\/a-propos-de-nous\/#primaryimage","url":"https:\/\/infos-escalade.be\/wp-content\/uploads\/2025\/02\/uverennaya-v-sebe-biznes-ledi-gulyaet-na-svezhem-vozduhe-s-planshetom.jpg","contentUrl":"https:\/\/infos-escalade.be\/wp-content\/uploads\/2025\/02\/uverennaya-v-sebe-biznes-ledi-gulyaet-na-svezhem-vozduhe-s-planshetom.jpg"},{"@type":"BreadcrumbList","@id":"https:\/\/infos-escalade.be\/a-propos-de-nous\/#breadcrumb","itemListElement":[{"@type":"ListItem","position":1,"name":"Home","item":"https:\/\/infos-escalade.be\/"},{"@type":"ListItem","position":2,"name":"\u00c0 propos de nous"}]},{"@type":"WebSite","@id":"https:\/\/infos-escalade.be\/#website","url":"https:\/\/infos-escalade.be\/","name":"infos-escalade.be","description":"Soyez \u00c9l\u00e9gant en Toute Saison | Conseils et tendances pour une garde-robe r\u00e9ussie","potentialAction":[{"@type":"SearchAction","target":{"@type":"EntryPoint","urlTemplate":"https:\/\/infos-escalade.be\/?s={search_term_string}"},"query-input":"required name=search_term_string"}],"inLanguage":"ro-RO"}]}},"yoast_meta":{"yoast_wpseo_title":"","yoast_wpseo_metadesc":"","yoast_wpseo_canonical":"https:\/\/infos-escalade.be\/ro\/wp-json\/wp\/v2\/pages\/36"},"_links":{"self":[{"href":"https:\/\/infos-escalade.be\/ro\/wp-json\/wp\/v2\/pages\/36","targetHints":{"allow":["GET"]}}],"collection":[{"href":"https:\/\/infos-escalade.be\/ro\/wp-json\/wp\/v2\/pages"}],"about":[{"href":"https:\/\/infos-escalade.be\/ro\/wp-json\/wp\/v2\/types\/page"}],"author":[{"embeddable":true,"href":"https:\/\/infos-escalade.be\/ro\/wp-json\/wp\/v2\/users\/1"}],"replies":[{"embeddable":true,"href":"https:\/\/infos-escalade.be\/ro\/wp-json\/wp\/v2\/comments?post=36"}],"version-history":[{"count":1,"href":"https:\/\/infos-escalade.be\/ro\/wp-json\/wp\/v2\/pages\/36\/revisions"}],"predecessor-version":[{"id":49,"href":"https:\/\/infos-escalade.be\/ro\/wp-json\/wp\/v2\/pages\/36\/revisions\/49"}],"wp:attachment":[{"href":"https:\/\/infos-escalade.be\/ro\/wp-json\/wp\/v2\/media?parent=36"}],"curies":[{"name":"wp","href":"https:\/\/api.w.org\/{rel}","templated":true}]}}