{"id":37,"date":"2025-02-06T15:24:37","date_gmt":"2025-02-06T15:24:37","guid":{"rendered":"https:\/\/infos-escalade.be\/contacts\/"},"modified":"2025-02-06T15:24:37","modified_gmt":"2025-02-06T15:24:37","slug":"contacts","status":"publish","type":"page","link":"https:\/\/infos-escalade.be\/ro\/contacts\/","title":{"rendered":"Contacte"},"content":{"rendered":"<p>Suntem bucuro\u0219i s\u0103 r\u0103spundem la orice \u00eentreb\u0103ri, sugestii sau solicit\u0103ri pe care le ave\u021bi cu privire la articolele noastre de mod\u0103 \u0219i \u00eembr\u0103c\u0103minte. Dac\u0103 ave\u021bi nel\u0103muriri sau dori\u021bi s\u0103 afla\u021bi mai multe, v\u0103 rug\u0103m s\u0103 ne trimite\u021bi un mesaj. Vom face tot posibilul s\u0103 v\u0103 r\u0103spundem.<\/p>\n<h2>Trimite\u021bi-ne un mesaj<\/h2>\n<p>Ave\u021bi o \u00eentrebare sau o sugestie? Pur \u0219i simplu completa\u021bi formularul de mai jos \u0219i v\u0103 vom r\u0103spunde c\u00e2t mai cur\u00e2nd posibil!<\/p>\n<form action=\"mailto:contact@infos-escalade.be\" method=\"POST\" enctype=\"text\/plain\" data-trp-original-action=\"mailto:contact@infos-escalade.be\">\n      <label for=\"name\">Numele dumneavoastr\u0103:<\/label><br \/>\n      <input type=\"text\" id=\"name\" name=\"name\" required><\/p>\n<p>      <label for=\"email\">Adresa dvs. de e-mail:<\/label><br \/>\n      <input type=\"email\" id=\"email\" name=\"email\" required><\/p>\n<p>      <label for=\"message\">Mesajul dvs:<\/label><br \/>\n      <textarea id=\"message\" name=\"message\" rows=\"4\" cols=\"50\" required><\/textarea><\/p>\n<p>      <button type=\"submit\">Trimite<\/button><br \/>\n    <input type=\"hidden\" name=\"trp-form-language\" value=\"ro\"\/><\/form>","protected":false},"excerpt":{"rendered":"<p>Suntem bucuro\u0219i s\u0103 r\u0103spundem la orice \u00eentreb\u0103ri, sugestii sau solicit\u0103ri pe care le ave\u021bi cu privire la articolele noastre de mod\u0103 \u0219i \u00eembr\u0103c\u0103minte. Dac\u0103\u2026<\/p>","protected":false},"author":1,"featured_media":0,"parent":0,"menu_order":0,"comment_status":"closed","ping_status":"closed","template":"","meta":{"_acf_changed":false,"footnotes":""},"class_list":["post-37","page","type-page","status-publish","hentry","post-archive"],"acf":[],"yoast_head":"<!-- This site is optimized with the Yoast SEO plugin v23.2 - https:\/\/yoast.com\/wordpress\/plugins\/seo\/ -->\n<title>Contacts - infos-escalade.be<\/title>\n<meta name=\"robots\" content=\"index, follow, max-snippet:-1, max-image-preview:large, max-video-preview:-1\" \/>\n<link rel=\"canonical\" href=\"https:\/\/infos-escalade.be\/ro\/contacts\/\" \/>\n<meta property=\"og:locale\" content=\"ro_RO\" \/>\n<meta property=\"og:type\" content=\"article\" \/>\n<meta property=\"og:title\" content=\"Contacts - infos-escalade.be\" \/>\n<meta property=\"og:description\" content=\"Nous sommes heureux de r\u00e9pondre \u00e0 toutes vos questions, suggestions ou demandes concernant nos articles de mode et v\u00eatements. Si...\" \/>\n<meta property=\"og:url\" content=\"https:\/\/infos-escalade.be\/ro\/contacts\/\" \/>\n<meta property=\"og:site_name\" content=\"infos-escalade.be\" \/>\n<meta name=\"twitter:card\" content=\"summary_large_image\" \/>\n<script type=\"application\/ld+json\" class=\"yoast-schema-graph\">{\"@context\":\"https:\/\/schema.org\",\"@graph\":[{\"@type\":\"WebPage\",\"@id\":\"https:\/\/infos-escalade.be\/contacts\/\",\"url\":\"https:\/\/infos-escalade.be\/contacts\/\",\"name\":\"Contacts - infos-escalade.be\",\"isPartOf\":{\"@id\":\"https:\/\/infos-escalade.be\/#website\"},\"datePublished\":\"2025-02-06T15:24:37+00:00\",\"dateModified\":\"2025-02-06T15:24:37+00:00\",\"breadcrumb\":{\"@id\":\"https:\/\/infos-escalade.be\/contacts\/#breadcrumb\"},\"inLanguage\":\"ro-RO\",\"potentialAction\":[{\"@type\":\"ReadAction\",\"target\":[\"https:\/\/infos-escalade.be\/contacts\/\"]}]},{\"@type\":\"BreadcrumbList\",\"@id\":\"https:\/\/infos-escalade.be\/contacts\/#breadcrumb\",\"itemListElement\":[{\"@type\":\"ListItem\",\"position\":1,\"name\":\"Home\",\"item\":\"https:\/\/infos-escalade.be\/\"},{\"@type\":\"ListItem\",\"position\":2,\"name\":\"Contacts\"}]},{\"@type\":\"WebSite\",\"@id\":\"https:\/\/infos-escalade.be\/#website\",\"url\":\"https:\/\/infos-escalade.be\/\",\"name\":\"infos-escalade.be\",\"description\":\"Soyez \u00c9l\u00e9gant en Toute Saison | Conseils et tendances pour une garde-robe r\u00e9ussie\",\"potentialAction\":[{\"@type\":\"SearchAction\",\"target\":{\"@type\":\"EntryPoint\",\"urlTemplate\":\"https:\/\/infos-escalade.be\/?s={search_term_string}\"},\"query-input\":\"required name=search_term_string\"}],\"inLanguage\":\"ro-RO\"}]}<\/script>\n<!-- \/ Yoast SEO plugin. -->","yoast_head_json":{"title":"Contacts - infos-escalade.be","robots":{"index":"index","follow":"follow","max-snippet":"max-snippet:-1","max-image-preview":"max-image-preview:large","max-video-preview":"max-video-preview:-1"},"canonical":"https:\/\/infos-escalade.be\/ro\/contacts\/","og_locale":"ro_RO","og_type":"article","og_title":"Contacts - infos-escalade.be","og_description":"Nous sommes heureux de r\u00e9pondre \u00e0 toutes vos questions, suggestions ou demandes concernant nos articles de mode et v\u00eatements. Si...","og_url":"https:\/\/infos-escalade.be\/ro\/contacts\/","og_site_name":"infos-escalade.be","twitter_card":"summary_large_image","schema":{"@context":"https:\/\/schema.org","@graph":[{"@type":"WebPage","@id":"https:\/\/infos-escalade.be\/contacts\/","url":"https:\/\/infos-escalade.be\/contacts\/","name":"Contacts - infos-escalade.be","isPartOf":{"@id":"https:\/\/infos-escalade.be\/#website"},"datePublished":"2025-02-06T15:24:37+00:00","dateModified":"2025-02-06T15:24:37+00:00","breadcrumb":{"@id":"https:\/\/infos-escalade.be\/contacts\/#breadcrumb"},"inLanguage":"ro-RO","potentialAction":[{"@type":"ReadAction","target":["https:\/\/infos-escalade.be\/contacts\/"]}]},{"@type":"BreadcrumbList","@id":"https:\/\/infos-escalade.be\/contacts\/#breadcrumb","itemListElement":[{"@type":"ListItem","position":1,"name":"Home","item":"https:\/\/infos-escalade.be\/"},{"@type":"ListItem","position":2,"name":"Contacts"}]},{"@type":"WebSite","@id":"https:\/\/infos-escalade.be\/#website","url":"https:\/\/infos-escalade.be\/","name":"infos-escalade.be","description":"Soyez \u00c9l\u00e9gant en Toute Saison | Conseils et tendances pour une garde-robe r\u00e9ussie","potentialAction":[{"@type":"SearchAction","target":{"@type":"EntryPoint","urlTemplate":"https:\/\/infos-escalade.be\/?s={search_term_string}"},"query-input":"required name=search_term_string"}],"inLanguage":"ro-RO"}]}},"yoast_meta":{"yoast_wpseo_title":"","yoast_wpseo_metadesc":"","yoast_wpseo_canonical":"https:\/\/infos-escalade.be\/ro\/wp-json\/wp\/v2\/pages\/37"},"_links":{"self":[{"href":"https:\/\/infos-escalade.be\/ro\/wp-json\/wp\/v2\/pages\/37","targetHints":{"allow":["GET"]}}],"collection":[{"href":"https:\/\/infos-escalade.be\/ro\/wp-json\/wp\/v2\/pages"}],"about":[{"href":"https:\/\/infos-escalade.be\/ro\/wp-json\/wp\/v2\/types\/page"}],"author":[{"embeddable":true,"href":"https:\/\/infos-escalade.be\/ro\/wp-json\/wp\/v2\/users\/1"}],"replies":[{"embeddable":true,"href":"https:\/\/infos-escalade.be\/ro\/wp-json\/wp\/v2\/comments?post=37"}],"version-history":[{"count":0,"href":"https:\/\/infos-escalade.be\/ro\/wp-json\/wp\/v2\/pages\/37\/revisions"}],"wp:attachment":[{"href":"https:\/\/infos-escalade.be\/ro\/wp-json\/wp\/v2\/media?parent=37"}],"curies":[{"name":"wp","href":"https:\/\/api.w.org\/{rel}","templated":true}]}}